{"id":137,"date":"2019-01-21T17:35:58","date_gmt":"2019-01-21T16:35:58","guid":{"rendered":"https:\/\/www.areselectronic.com\/cookies\/"},"modified":"2025-05-05T13:24:22","modified_gmt":"2025-05-05T11:24:22","slug":"cookies","status":"publish","type":"page","link":"https:\/\/www.areselectronic.com\/it\/cookies\/","title":{"rendered":"Cookies"},"content":{"rendered":"<div class=\"wpb-content-wrapper\"><p>[vc_row][vc_column][vc_column_text]<strong class=\"titolo-policy\">Cookie Policy<\/strong><br \/>\n<strong> Che cos\u2019\u00e8 un cookie?<\/strong><br \/>\nI cookie sono porzioni di informazioni che il sito Web inserisce nel tuo dispositivo di navigazione quando visiti una pagina. Possono comportare la trasmissione di informazioni tra il sito Web e il tuo dispositivo, e tra quest\u2019ultimo e altri siti che operano per conto nostro o in privato, conformemente a quanto stabilito nella rispettiva Informativa sulla privacy. Possiamo utilizzare i cookie per riunire le informazioni che raccogliamo su di te. Puoi decidere di ricevere un avviso ogni volta che viene inviato un cookie o di disabilitare tutti i cookie modificando le impostazioni del browser. Disabilitando i cookie, tuttavia, alcuni dei nostri servizi potrebbero non funzionare correttamente e non potrai accedere a numerose funzionalit\u00e0 pensate per ottimizzare la tua esperienza di navigazione nel sito. Per maggiori informazioni sulla gestione o la disabilitazione dei cookie del browser, consulta l\u2019ultima sezione della presente cookie policy.<\/p>\n<p><strong>Utilizziamo varie tipologie di cookie con funzioni diverse.<\/strong><br \/>\nCi riserviamo di pubblicare una tabella periodicamente aggiornata per indicare i tipi di cookie utilizzati e i riferimenti utili per conoscere le specifiche finalit\u00e0 di utilizzo.<br \/>\nQui di seguito riportiamo una descrizione sintetica delle principali tipologie di cookie tecnicamente utilizzabili. Per fornirti ogni utile informazione sui cookie e sul loro utilizzo, anche solo potenziale, e per sapere come modificare il settaggio del tuo browser relativamente all\u2019uso dei cookie, ti invitiamo a leggere questa descrizione dettagliata.<\/p>\n<p><strong>Cookie di sessione e permanenti<\/strong><br \/>\nPreliminarmente precisiamo che la durata dei cookie installati pu\u00f2 essere limitata alla sessione di navigazione o estendersi per un tempo maggiore, anche dopo che l\u2019utente ha abbandonato il sito visitato.<br \/>\nPrivilegiamo l\u2019uso di c.d. cookie di sessione (quelli cio\u00e8 che non vengono memorizzati in modo persistente sul computer dell\u2019utente e svaniscono con la chiusura del browser) che permettono la trasmissione di identificativi di sessione (costituiti da numeri casuali generati dal server) necessari per consentire l\u2019esplorazione sicura ed efficiente del sito.<br \/>\nI c.d. cookies di sessione, utilizzati in questo sito, evitano il ricorso ad altre tecniche informatiche potenzialmente pregiudizievoli per la riservatezza della navigazione degli utenti e non consentono l\u2019acquisizione di dati personali identificativi dell\u2019utente.<\/p>\n<p><strong>Cookie tecnici<\/strong><br \/>\nQuesti cookie sono fondamentali per poter navigare sul sito Web e utilizzare alcune funzionalit\u00e0.<br \/>\nSenza i cookie strettamente necessari, i servizi online che normalmente sono offerti dal sito potrebbero non essere accessibili, se la loro erogazione si basa esclusivamente su cookie di questa natura. Infatti i cookie di questo tipo permettono all\u2019utente di navigare in modo efficiente tra le pagine di un sito web e di utilizzare le diverse opzioni e servizi proposti. Consentono ad esempio di identificare una sessione, accedere ad aree riservate, ricordare gli elementi che compongono una richiesta formulata in precedenza, perfezionare un ordine di acquisto o la memorizzazione di un preventivo.<br \/>\nNon \u00e8 necessario fornire il consenso per i cookie tecnici, poich\u00e9 sono indispensabili per assicurarti i servizi richiesti. \u00c8 possibile bloccare o rimuovere i cookie tecnici modificando la configurazione delle opzioni del proprio browser e Disattivando o eliminando i cookie stessi. Tuttavia eseguendo queste operazioni, \u00e8 possibile che non si riesca ad accedere a determinate aree del sito web o ad utilizzare alcuni dei servizi offerti.<\/p>\n<p><strong>Cookie per l\u2019analisi delle prestazioni<\/strong><br \/>\n\u00c8 possibile che da parte nostra o dei fornitori di servizi che operano per nostro conto vengano inseriti dei cookie per le prestazioni nel tuo dispositivo di navigazione. Le informazioni raccolte mediante i cookie per le prestazioni sono utilizzate esclusivamente da noi o nel nostro interesse, non raccolgono inoltre nessuna informazione di carattere personale.<br \/>\nI cookie per le prestazioni raccolgono informazioni anonime relative al modo in cui gli utenti utilizzano il sito Web e le sue varie funzionalit\u00e0. Ad esempio, i nostri cookie per le prestazioni raccolgono informazioni in merito alle pagine del sito che visiti pi\u00f9 spesso o all\u2019interazione con le nostre pubblicit\u00e0 su altri portali Web, verificano inoltre se apri e leggi le comunicazioni che ti inviamo o se ricevi messaggi di errore. Le informazioni raccolte possono essere utilizzate per personalizzare la tua esperienza online, mostrando contenuti specifici. I cookie per le prestazioni servono anche per limitare il numero di visualizzazioni di uno stesso annuncio pubblicitario. Un collegamento alla nostra Cookie Policy \u00e8 disponibile tramite un link presente nel sito. Continuando a utilizzare questo sito Web e le sue funzionalit\u00e0, autorizzi noi (e gli inserzionisti esterni di questo sito Web) ad inserire cookie per le prestazioni nel tuo dispositivo di navigazione.<br \/>\nIn particolare il sito pu\u00f2 utilizzare Google Analytics che \u00e8 uno strumento di analisi di Google che aiuta i proprietari di siti web e app a capire come i visitatori interagiscono con i contenuti di loro propriet\u00e0. Si pu\u00f2 utilizzare un set di cookie per raccogliere informazioni e generare statistiche di utilizzo del sito web senza identificazione personale dei singoli visitatori da parte di Google.<br \/>\nOltre a generare rapporti sulle statistiche di utilizzo dei siti web, il tag pixel di Google Analytics pu\u00f2 essere utilizzato, insieme ad alcuni cookie per la pubblicit\u00e0 descritti sopra, per consentirci di mostrare risultati pi\u00f9 pertinenti nelle propriet\u00e0 di Google (come la Ricerca Google) e in tutto il Web.<br \/>\nPer ulteriori informazioni \u00e8 possibile consultare questo sito <a href=\"http:\/\/developers.google.com\/analytics\/resources\/concepts\/gaConceptsCookies\">cookie di Analytics e privacy<\/a>.<\/p>\n<p><strong>Abilitazione\/disabilitazione di cookie tramite il browser<\/strong><br \/>\nEsistono diversi modi per gestire i cookie e altre tecnologie di tracciabilit\u00e0. Modificando le impostazioni del browser, puoi accettare o rifiutare i cookie o decidere di ricevere un messaggio di avviso prima di accettare un cookie dai siti Web visitati. Ti ricordiamo che disabilitando completamente i cookie nel browser potresti non essere in grado di utilizzare tutte le nostre funzionalit\u00e0 interattive.<br \/>\nSe utilizzi pi\u00f9 computer in postazioni diverse, assicurati che ogni browser sia impostato in modo da soddisfare le tue preferenze.<br \/>\nPuoi eliminare tutti i cookie installati nella cartella dei cookie del tuo browser. Ciascun browser presenta procedure diverse per la gestione delle impostazioni. Fai clic su uno dei collegamenti sottostanti per ottenere istruzioni specifiche.<\/p>\n<p><a href=\"http:\/\/windows.microsoft.com\/it-it\/windows7\/block-enable-or-allow-cookies\">Microsoft Windows Explorer<\/a><br \/>\n<a href=\"https:\/\/support.mozilla.org\/it\/kb\/Attivare%20e%20disattivare%20i%20cookie?redirectlocale=en-US&amp;redirectslug=Enabling+and+disabling+cookies\">Mozilla Firefox<\/a><br \/>\n<a href=\"https:\/\/support.google.com\/chrome\/answer\/95647?hl=it&amp;p=cpn_cookies\">Google Chrome<\/a><br \/>\n<a href=\"https:\/\/support.apple.com\/kb\/PH17191?viewlocale=it_IT&amp;locale=it_IT\">Apple Safari<\/a><br \/>\nSe non utilizzi nessuno dei browser sopra elencati, seleziona \u201ccookie\u201d nella relativa sezione della guida per scoprire dove si trova la tua cartella dei cookie.<\/p>\n<p>Ultima modifica 20\/03\/2018[\/vc_column_text][\/vc_column][\/vc_row]<\/p>\n<\/div>","protected":false},"excerpt":{"rendered":"<p>[vc_row][vc_column][vc_column_text]Cookie Policy Che cos\u2019\u00e8 un cookie? I cookie sono porzioni di informazioni che il sito Web inserisce nel tuo dispositivo di navigazione quando visiti una pagina.<span class=\"excerpt-hellip\"> [\u2026]<\/span><\/p>\n","protected":false},"author":1,"featured_media":0,"parent":0,"menu_order":0,"comment_status":"closed","ping_status":"closed","template":"","meta":{"footnotes":""},"class_list":["post-137","page","type-page","status-publish","hentry"],"_links":{"self":[{"href":"https:\/\/www.areselectronic.com\/it\/wp-json\/wp\/v2\/pages\/137","targetHints":{"allow":["GET"]}}],"collection":[{"href":"https:\/\/www.areselectronic.com\/it\/wp-json\/wp\/v2\/pages"}],"about":[{"href":"https:\/\/www.areselectronic.com\/it\/wp-json\/wp\/v2\/types\/page"}],"author":[{"embeddable":true,"href":"https:\/\/www.areselectronic.com\/it\/wp-json\/wp\/v2\/users\/1"}],"replies":[{"embeddable":true,"href":"https:\/\/www.areselectronic.com\/it\/wp-json\/wp\/v2\/comments?post=137"}],"version-history":[{"count":1,"href":"https:\/\/www.areselectronic.com\/it\/wp-json\/wp\/v2\/pages\/137\/revisions"}],"predecessor-version":[{"id":138,"href":"https:\/\/www.areselectronic.com\/it\/wp-json\/wp\/v2\/pages\/137\/revisions\/138"}],"wp:attachment":[{"href":"https:\/\/www.areselectronic.com\/it\/wp-json\/wp\/v2\/media?parent=137"}],"curies":[{"name":"wp","href":"https:\/\/api.w.org\/{rel}","templated":true}]}}